{"id":2780,"date":"2015-03-24T23:28:16","date_gmt":"2015-03-24T23:28:16","guid":{"rendered":"http:\/\/rt19-demo7.rtthemes.com\/?page_id=2"},"modified":"2021-12-16T13:53:19","modified_gmt":"2021-12-16T12:53:19","slug":"obchodne-podmienky","status":"publish","type":"page","link":"https:\/\/wwwcz.korad-radiators.sk\/ru\/blog-2\/obchodne-podmienky\/","title":{"rendered":"Obchodn\u00ed podm\u00ednky"},"content":{"rendered":"\n<p>Obchodn\u00ed podm\u00ednky platn\u00e9 od 1.8.2019:<\/p>\n\n\n\n<div class=\"wp-block-file\"><a href=\"https:\/\/wwwcz.korad-radiators.sk\/wp-content\/uploads\/2021\/06\/TDP-KORAD-vydanie-3.pdf\">Technick\u00e9 a dodac\u00ed podm\u00ednky<\/a><a href=\"https:\/\/wwwcz.korad-radiators.sk\/wp-content\/uploads\/2021\/06\/TDP-KORAD-vydanie-3.pdf\" class=\"wp-block-file__button\" download>Otev\u0159\u00edt<\/a><\/div>\n\n\n\n<div class=\"wp-block-file\"><a href=\"https:\/\/wwwcz.korad-radiators.sk\/wp-content\/uploads\/2021\/06\/VDP-KORAD-Radiators_2.pdf\">V\u0161eobecn\u00e9 dodac\u00ed podm\u00ednky<\/a><a href=\"https:\/\/wwwcz.korad-radiators.sk\/wp-content\/uploads\/2021\/06\/VDP-KORAD-Radiators_2.pdf\" class=\"wp-block-file__button\" download>Otev\u0159\u00edt<\/a><\/div>\n\n\n\n<p><\/p>\n<p>&nbsp;<\/p>\n<p><\/p>\n\n\n\n<p><\/p>\n","protected":false},"excerpt":{"rendered":"<p>Obchodn\u00ed podm\u00ednky platn\u00e9 od 1.8.2019: &nbsp;<\/p>\n","protected":false},"author":1,"featured_media":0,"parent":2524,"menu_order":0,"comment_status":"closed","ping_status":"open","template":"","meta":{"footnotes":""},"class_list":["post-2780","page","type-page","status-publish","hentry"],"translation":{"provider":"WPGlobus","version":"3.0.2","language":"ru","enabled_languages":["sk","en","ru"],"languages":{"sk":{"title":true,"content":true,"excerpt":false},"en":{"title":false,"content":false,"excerpt":false},"ru":{"title":false,"content":false,"excerpt":false}}},"_links":{"self":[{"href":"https:\/\/wwwcz.korad-radiators.sk\/ru\/wp-json\/wp\/v2\/pages\/2780","targetHints":{"allow":["GET"]}}],"collection":[{"href":"https:\/\/wwwcz.korad-radiators.sk\/ru\/wp-json\/wp\/v2\/pages"}],"about":[{"href":"https:\/\/wwwcz.korad-radiators.sk\/ru\/wp-json\/wp\/v2\/types\/page"}],"author":[{"embeddable":true,"href":"https:\/\/wwwcz.korad-radiators.sk\/ru\/wp-json\/wp\/v2\/users\/1"}],"replies":[{"embeddable":true,"href":"https:\/\/wwwcz.korad-radiators.sk\/ru\/wp-json\/wp\/v2\/comments?post=2780"}],"version-history":[{"count":11,"href":"https:\/\/wwwcz.korad-radiators.sk\/ru\/wp-json\/wp\/v2\/pages\/2780\/revisions"}],"predecessor-version":[{"id":3879,"href":"https:\/\/wwwcz.korad-radiators.sk\/ru\/wp-json\/wp\/v2\/pages\/2780\/revisions\/3879"}],"up":[{"embeddable":true,"href":"https:\/\/wwwcz.korad-radiators.sk\/ru\/wp-json\/wp\/v2\/pages\/2524"}],"wp:attachment":[{"href":"https:\/\/wwwcz.korad-radiators.sk\/ru\/wp-json\/wp\/v2\/media?parent=2780"}],"curies":[{"name":"wp","href":"https:\/\/api.w.org\/{rel}","templated":true}]}}