{"id":2776,"date":"2015-02-02T04:30:57","date_gmt":"2015-02-02T04:30:57","guid":{"rendered":"http:\/\/rttheme19-rtthemes-com.rtthemes.com\/?page_id=9"},"modified":"2025-01-31T13:01:46","modified_gmt":"2025-01-31T12:01:46","slug":"o-nas-2","status":"publish","type":"page","link":"https:\/\/wwwcz.korad-radiators.sk\/ru\/o-nas-2\/","title":{"rendered":"O n\u00e1s"},"content":{"rendered":"<p>[vc_row rt_row_background_width=&#8221;fullwidth&#8221; rt_row_content_width=&#8221;default&#8221; rt_row_style=&#8221;default-style&#8221; rt_row_borders=&#8221;&#8221; rt_row_paddings=&#8221;true&#8221; rt_bg_image=&#8221;2369&#8243; rt_bg_effect=&#8221;parallax&#8221; rt_bg_parallax_effect=&#8221;3&#8243; rt_bg_image_repeat=&#8221;repeat&#8221; rt_bg_size=&#8221;cover&#8221; rt_bg_position=&#8221;right top&#8221; rt_bg_video_format=&#8221;self-hosted&#8221; rt_padding_top=&#8221;100&#8243; rt_padding_bottom=&#8221;140&#8243;][vc_column rt_wrp_col_paddings=&#8221;false&#8221; rt_border_top=&#8221;&#8221; rt_border_bottom=&#8221;&#8221; rt_border_left=&#8221;&#8221; rt_border_right=&#8221;&#8221; rt_border_top_mobile=&#8221;&#8221; rt_border_bottom_mobile=&#8221;&#8221; rt_border_left_mobile=&#8221;&#8221; rt_border_right_mobile=&#8221;&#8221; rt_bg_image_repeat=&#8221;repeat&#8221; rt_bg_size=&#8221;auto auto&#8221; rt_bg_position=&#8221;right top&#8221; rt_bg_attachment=&#8221;scroll&#8221;]<div class=\"rt_heading_wrapper style-4\">\n\t\t\t\t\t\t<h1 class=\"rt_heading  style-4\" >O N\u00c1S<\/h1>\n\t\t\t\t\t<\/div>[\/vc_column][\/vc_row][vc_row rt_row_background_width=&#8221;fullwidth&#8221; rt_row_content_width=&#8221;default&#8221; rt_row_style=&#8221;default-style&#8221; rt_row_borders=&#8221;bottom&#8221; rt_row_paddings=&#8221;true&#8221; rt_bg_effect=&#8221;classic&#8221; rt_bg_image_repeat=&#8221;repeat&#8221; rt_bg_size=&#8221;cover&#8221; rt_bg_position=&#8221;right top&#8221; rt_bg_attachment=&#8221;scroll&#8221; rt_bg_video_format=&#8221;self-hosted&#8221;][vc_column rt_wrp_col_paddings=&#8221;false&#8221; rt_border_top=&#8221;&#8221; rt_border_bottom=&#8221;&#8221; rt_border_left=&#8221;&#8221; rt_border_right=&#8221;&#8221; rt_border_top_mobile=&#8221;&#8221; rt_border_bottom_mobile=&#8221;&#8221; rt_border_left_mobile=&#8221;&#8221; rt_border_right_mobile=&#8221;&#8221; rt_bg_image_repeat=&#8221;repeat&#8221; rt_bg_size=&#8221;auto auto&#8221; rt_bg_position=&#8221;right top&#8221; rt_bg_attachment=&#8221;scroll&#8221;][vc_column_text]<span class=\"VIiyi\" lang=\"cs\"><span class=\"JLqJ4b ChMk0b\" data-language-for-alternatives=\"cs\" data-language-to-translate-into=\"sk\" data-phrase-index=\"0\" data-number-of-phrases=\"6\">Jsme spole\u010dnost KORAD Radiators s.r.o.<\/span> <span class=\"JLqJ4b ChMk0b\" data-language-for-alternatives=\"cs\" data-language-to-translate-into=\"sk\" data-phrase-index=\"1\" data-number-of-phrases=\"6\">a s\u00eddl\u00edme v are\u00e1lu U.S.<\/span> <span class=\"JLqJ4b ChMk0b\" data-language-for-alternatives=\"cs\" data-language-to-translate-into=\"sk\" data-phrase-index=\"2\" data-number-of-phrases=\"6\">Steel Ko\u0161ice.<\/span> <span class=\"JLqJ4b ChMk0b\" data-language-for-alternatives=\"cs\" data-language-to-translate-into=\"sk\" data-phrase-index=\"3\" data-number-of-phrases=\"6\">V\u011bnujeme se v\u00fdrob\u011b deskov\u00fdch otopn\u00fdch t\u011bles a dod\u00e1v\u00e1me sv\u00e9 produkty na Slovensko a do 15 zem\u00ed sv\u011bta.<\/span> <span class=\"JLqJ4b ChMk0b\" data-language-for-alternatives=\"cs\" data-language-to-translate-into=\"sk\" data-phrase-index=\"4\" data-number-of-phrases=\"6\">V\u00fdroba deskov\u00fdch otopn\u00fdch t\u011bles v Ko\u0161ic\u00edch m\u00e1 dlouholetou tradici.<\/span> <span class=\"JLqJ4b ChMk0b\" data-language-for-alternatives=\"cs\" data-language-to-translate-into=\"sk\" data-phrase-index=\"5\" data-number-of-phrases=\"6\">Po\u010d\u00e1tky v\u00fdroby otopn\u00fdch t\u011bles sahaj\u00ed do roku 1968.<\/span><\/span>[\/vc_column_text][\/vc_column][\/vc_row][vc_row rt_row_background_width=&#8221;fullwidth&#8221; rt_row_content_width=&#8221;default&#8221; rt_row_style=&#8221;default-style&#8221; rt_row_borders=&#8221;&#8221; rt_grid=&#8221;true&#8221; rt_row_paddings=&#8221;true&#8221; rt_bg_effect=&#8221;classic&#8221; rt_bg_image_repeat=&#8221;repeat&#8221; rt_bg_size=&#8221;cover&#8221; rt_bg_position=&#8221;right top&#8221; rt_bg_attachment=&#8221;scroll&#8221; rt_bg_video_format=&#8221;self-hosted&#8221;][vc_column width=&#8221;1\/2&#8243; rt_wrp_col_paddings=&#8221;false&#8221; rt_border_top=&#8221;&#8221; rt_border_bottom=&#8221;&#8221; rt_border_left=&#8221;&#8221; rt_border_right=&#8221;&#8221; rt_border_top_mobile=&#8221;&#8221; rt_border_bottom_mobile=&#8221;&#8221; rt_border_left_mobile=&#8221;&#8221; rt_border_right_mobile=&#8221;&#8221; rt_bg_image_repeat=&#8221;repeat&#8221; rt_bg_size=&#8221;auto auto&#8221; rt_bg_position=&#8221;right top&#8221; rt_bg_attachment=&#8221;scroll&#8221;]<div class=\"rt_heading_wrapper style-1\">\n\t\t\t\t\t\t<h4 class=\"rt_heading  style-1\" >Co nab\u00edz\u00edme<\/h4>\n\t\t\t\t\t<\/div>[vc_column_text]<span class=\"VIiyi\" lang=\"cs\"><span class=\"JLqJ4b ChMk0b\" data-language-for-alternatives=\"cs\" data-language-to-translate-into=\"sk\" data-phrase-index=\"0\" data-number-of-phrases=\"2\">Nab\u00edz\u00edme \u0161irok\u00fd v\u00fdb\u011br ocelov\u00fdch deskov\u00fdch otopn\u00fdch t\u011bles pro topn\u00e9 syst\u00e9my s teplonosnou l\u00e1tkou voda.<\/span> <span class=\"JLqJ4b ChMk0b\" data-language-for-alternatives=\"cs\" data-language-to-translate-into=\"sk\" data-phrase-index=\"1\" data-number-of-phrases=\"2\">Otopn\u00e1 t\u011blesa lze pou\u017e\u00edt v syst\u00e9mech s centr\u00e1ln\u00edm nebo individu\u00e1ln\u00edm zdrojem tepla.<\/span><\/span>[\/vc_column_text][vc_accordion style=&#8221;icons&#8221; first_one_open=&#8221;&#8221;][vc_accordion_tab title=&#8221;V\u00fdroba otopn\u00fdch t\u011bles&#8221; icon_name=&#8221;icon-shopping-bag&#8221;][vc_column_text]<span class=\"VIiyi\" lang=\"cs\"><span class=\"JLqJ4b\" data-language-for-alternatives=\"cs\" data-language-to-translate-into=\"sk\" data-phrase-index=\"0\" data-number-of-phrases=\"1\">Panely otopn\u00fdch t\u011bles jsou vyr\u00e1b\u011bny z ocelov\u00e9ho plechu vz\u00e1jemn\u00fdm sva\u0159en\u00edm dvou v\u00fdlisk\u016f po obvodu \u0161vov\u00fdm sv\u00e1rem. Rozte\u010d vertik\u00e1ln\u00edch kan\u00e1lk\u016f na v\u00fdlisc\u00edch panel\u016f je 33,33 mm, co\u017e umo\u017e\u0148uje vyr\u00e1b\u011bt panely s n\u00e1sobkem d\u00e9lky 100 mm. Na panely mohou b\u00fdt bodov\u011b p\u0159iva\u0159eny konvektory, tzn. p\u0159\u00eddavn\u00e1 p\u0159estupn\u00ed plocha vyroben\u00e1 z ocelov\u00e9ho plechu. Jej\u00edm \u00fa\u010delem je zv\u011bt\u0161it celkovou plochu topn\u00e9ho t\u011blesa a t\u00edm dos\u00e1hnout zv\u00fd\u0161en\u00ed tepeln\u00e9ho v\u00fdkonu. Jednotliv\u00e9 typov\u00e9 \u0159ady otopn\u00fdch t\u011bles jsou tvo\u0159eny rozli\u010dn\u00fdm po\u010dtem panel\u016f a konvektor\u016f. Prvn\u00ed \u010d\u00edslo v ozna\u010den\u00ed typu znamen\u00e1 po\u010det panel\u016f, druh\u00e9 \u010d\u00edslo po\u010det konvektor\u016f. Jednotliv\u00e9 typy jsou vyr\u00e1b\u011bny ve stavebn\u00edch v\u00fd\u0161k\u00e1ch 300, 400, 500, 600 a 900 mm, typ ur\u010den\u00fd pro rekonstrukce ve v\u00fd\u0161ce 550 mm. D\u00e9lka se m\u011bn\u00ed od 400 mm do 3000 mm, m\u016f\u017ee b\u00fdt v\u0161ak pro jednotliv\u00e9 modely omezena. Povrchov\u00e1 \u00faprava se prov\u00e1d\u00ed kontinu\u00e1ln\u00edm zp\u016fsobem na v\u00fdrobn\u00ed lince. Standardn\u00ed barevn\u00fd odst\u00edn je RAL 9016. Na zvl\u00e1\u0161tn\u00ed objedn\u00e1vku je mo\u017eno si vybrat ze \u0161k\u00e1ly 67 barevn\u00fdch odst\u00edn\u016f.<\/span><\/span>[\/vc_column_text][\/vc_accordion_tab][vc_accordion_tab title=&#8221;Povrchov\u00e1 \u00faprava&#8221; icon_name=&#8221;icon-brush&#8221;][vc_column_text]<img loading=\"lazy\" decoding=\"async\" class=\"alignnone wp-image-3054 size-full\" src=\"https:\/\/wwwcz.korad-radiators.sk\/wp-content\/uploads\/2020\/11\/povrchova_uprava_1.jpg\" alt=\"\" width=\"608\" height=\"300\" \/><\/p>\n<p>Povrchov\u00e1 \u00faprava v\u00fdrobku se skl\u00e1d\u00e1 ze t\u0159\u00ed z\u00e1kladn\u00edch krok\u016f<\/p>\n<ul>\n<li><strong>chemick\u00e1 p\u0159ed\u00faprava<\/strong> &#8211; odma\u0161t\u011bn\u00ed, fosf\u00e1tov\u00e1n\u00ed<\/li>\n<li>10 &#8211; 18 \u03bcm <strong>kataforeticky nanesen\u00e1 z\u00e1kladn\u00ed barva<\/strong> vytvrzovan\u00e1 v peci p\u0159i teplot\u011b 140\u00b0C po dobu 40 minut<\/li>\n<li><span class=\"VIiyi\" lang=\"cs\"><span class=\"JLqJ4b ChMk0b\" data-language-for-alternatives=\"cs\" data-language-to-translate-into=\"sk\" data-phrase-index=\"0\" data-number-of-phrases=\"1\">60 &#8211; 80 \u03bcm <strong>elektrostaticky nanesen\u00e1 pr\u00e1\u0161kov\u00e1 barva<\/strong> vytvrzovan\u00e1 v peci p\u0159i teplot\u011b 180\u00b0C po dobu 20 minut<\/span><\/span><\/li>\n<\/ul>\n<p>[\/vc_column_text][\/vc_accordion_tab][vc_accordion_tab title=&#8221;R\u016fzn\u00e9 barevn\u00e9 odst\u00edny&#8221; icon_name=&#8221;icon-pencil-3&#8243;][vc_column_text]<span class=\"VIiyi\" lang=\"cs\"><span class=\"JLqJ4b ChMk0b\" data-language-for-alternatives=\"cs\" data-language-to-translate-into=\"sk\" data-phrase-index=\"0\" data-number-of-phrases=\"3\">Ocelov\u00e1 deskov\u00e1 otopn\u00e1 t\u011blesa jsou standardn\u011b vyr\u00e1b\u011bny v odst\u00ednu RAL 9016. Na zvl\u00e1\u0161tn\u00ed objedn\u00e1vku je mo\u017eno si vybrat ze 67 barevn\u00fdch odst\u00edn\u016f.<\/span> <span class=\"JLqJ4b ChMk0b\" data-language-for-alternatives=\"cs\" data-language-to-translate-into=\"sk\" data-phrase-index=\"1\" data-number-of-phrases=\"3\">T\u00edmto zp\u016fsobem lze upravit v\u0161echny vyr\u00e1b\u011bn\u00e9 modely, typy a rozm\u011bry otopn\u00fdch t\u011bles ve stejn\u00e9 kvalit\u011b jako u standardn\u00edho odst\u00ednu.<\/span> <span class=\"JLqJ4b ChMk0b\" data-language-for-alternatives=\"cs\" data-language-to-translate-into=\"sk\" data-phrase-index=\"2\" data-number-of-phrases=\"3\">Z\u00e1ruka je 10 let.<\/span><\/span>[\/vc_column_text][\/vc_accordion_tab][vc_accordion_tab title=&#8221;P\u0159\u00edslu\u0161enstv\u00ed&#8221; icon_name=&#8221;icon-shop&#8221;][vc_column_text css_animation=&#8221;top-to-bottom&#8221;]<span class=\"VIiyi\" lang=\"cs\"><span class=\"JLqJ4b ChMk0b\" data-language-for-alternatives=\"cs\" data-language-to-translate-into=\"sk\" data-phrase-index=\"0\" data-number-of-phrases=\"2\">P\u0159\u00edslu\u0161enstv\u00ed k otopn\u00fdm t\u011bles\u016fm, tzn.<\/span> <span class=\"JLqJ4b ChMk0b\" data-language-for-alternatives=\"cs\" data-language-to-translate-into=\"sk\" data-phrase-index=\"1\" data-number-of-phrases=\"2\">odvzdu\u0161\u0148ovac\u00ed z\u00e1tky a z\u00e1slepky, jako\u017e i upev\u0148ovac\u00ed d\u00edly (konzoly a op\u011brka) dod\u00e1v\u00e1 v\u00fdrobce na z\u00e1klad\u011b zvl\u00e1\u0161tn\u00ed objedn\u00e1vky.<\/span><\/span>[\/vc_column_text][\/vc_accordion_tab][\/vc_accordion][\/vc_column][vc_column width=&#8221;1\/2&#8243; rt_wrp_col_paddings=&#8221;false&#8221; rt_border_top=&#8221;&#8221; rt_border_bottom=&#8221;&#8221; rt_border_left=&#8221;&#8221; rt_border_right=&#8221;&#8221; rt_border_top_mobile=&#8221;&#8221; rt_border_bottom_mobile=&#8221;&#8221; rt_border_left_mobile=&#8221;&#8221; rt_border_right_mobile=&#8221;&#8221; rt_bg_image_repeat=&#8221;repeat&#8221; rt_bg_size=&#8221;auto auto&#8221; rt_bg_position=&#8221;right top&#8221; rt_bg_attachment=&#8221;scroll&#8221;]<div class=\"rt_heading_wrapper style-1\">\n\t\t\t\t\t\t<h4 class=\"rt_heading  style-1\" >Na\u0161e vize<\/h4>\n\t\t\t\t\t<\/div>[vc_column_text]<span class=\"VIiyi\" lang=\"cs\"><span class=\"JLqJ4b ChMk0b\" data-language-for-alternatives=\"cs\" data-language-to-translate-into=\"sk\" data-phrase-index=\"0\" data-number-of-phrases=\"2\">Prodej a v\u00fdroba deskov\u00fdch otopn\u00fdch t\u011bles je pro n\u00e1s priorita.<\/span> <span class=\"JLqJ4b ChMk0b\" data-language-for-alternatives=\"cs\" data-language-to-translate-into=\"sk\" data-phrase-index=\"1\" data-number-of-phrases=\"2\">Na\u0161\u00edm c\u00edlem je neust\u00e1l\u00e9 zlep\u0161ov\u00e1n\u00ed se v logistice v\u00fdroby a dod\u00e1vek pro na\u0161e odb\u011bratele.<\/span><\/span>[\/vc_column_text][\/vc_column][\/vc_row][vc_row rt_row_background_width=&#8221;fullwidth&#8221; rt_row_content_width=&#8221;default&#8221; rt_row_style=&#8221;alt-style-1&#8243; rt_row_borders=&#8221;&#8221; rt_row_paddings=&#8221;true&#8221; rt_bg_effect=&#8221;classic&#8221; rt_bg_image_repeat=&#8221;repeat&#8221; rt_bg_size=&#8221;cover&#8221; rt_bg_position=&#8221;right top&#8221; rt_bg_attachment=&#8221;scroll&#8221; rt_bg_video_format=&#8221;self-hosted&#8221; rt_padding_top=&#8221;60&#8243; rt_padding_bottom=&#8221;60&#8243;][vc_column rt_wrp_col_paddings=&#8221;false&#8221; rt_border_top=&#8221;&#8221; rt_border_bottom=&#8221;&#8221; rt_border_left=&#8221;&#8221; rt_border_right=&#8221;&#8221; rt_border_top_mobile=&#8221;&#8221; rt_border_bottom_mobile=&#8221;&#8221; rt_border_left_mobile=&#8221;&#8221; rt_border_right_mobile=&#8221;&#8221; rt_bg_image_repeat=&#8221;repeat&#8221; rt_bg_size=&#8221;auto auto&#8221; rt_bg_position=&#8221;right top&#8221; rt_bg_attachment=&#8221;scroll&#8221;]<div class=\"rt_heading_wrapper style-4\">\n\t\t\t\t\t\t<span class=\"punchline\">Our Team<\/span><h3 class=\"rt_heading  with_punchline style-4\" >Kdo se star\u00e1 o z\u00e1kazn\u00edky?<\/h3>\n\t\t\t\t\t<\/div><section id=\"N\u00e1\u0161 t\u00fdm\" class=\"team border_grid clearfix  \"><div class=\"row clearfix\"><div class=\"col col-sm-6\">\n\n \n<div class=\"loop post-3030 staff type-staff status-publish hentry\" id=\"person-3030\">\t\n\t\n\t\t\t<h5 class=\"person_name\"><a href=\"https:\/\/wwwcz.korad-radiators.sk\/ru\/tim\/ing-ladislav-onderko\/\">Ing. Ladislav Onderko<\/a><\/h5>\n\t\n\t\t\t<span class=\"position\">Vedouc\u00ed obchodn\u00ed mana\u017eer I <\/span>\n\t\n\t<div class=\"profile\">\n\t\tTelef\u00f3n: +421 917 656 870\r\n\r\nladislav.onderko@korad-radiators.sk\t<\/div> \n\n\t<div class=\"person_links_wrapper\"><ul class=\"social_media\"><li class=\"mail\"><a class=\"icon-mail\" target=\"_self\" href=\"mailto:ladislav.onderko@korad-radiators.sk\" title=\"Email\"><span>napsat<\/span><\/a><\/li><\/ul><\/div>\t\n<\/div>\n<\/div>\n<div class=\"col col-sm-6\">\n\n \n<div class=\"loop post-3028 staff type-staff status-publish hentry\" id=\"person-3028\">\t\n\t\n\t\t\t<h5 class=\"person_name\">Ing. Jaroslav Hrebe\u0148\u00e1r<\/h5>\n\t\n\t\t\t<span class=\"position\">Vedouc\u00ed obchodn\u00ed mana\u017eer II <\/span>\n\t\n\t<div class=\"profile\">\n\t\tTelef\u00f3n: +421 917 704 006\r\n\r\njaroslav.hrebenar@korad-radiators.sk\t<\/div> \n\n\t<div class=\"person_links_wrapper\"><ul class=\"social_media\"><li class=\"mail\"><a class=\"icon-mail\" target=\"_self\" href=\"mailto:jaroslav.hrebenar@korad-radiators.sk\" title=\"Email\"><span>napsat<\/span><\/a><\/li><\/ul><\/div>\t\n<\/div>\n<\/div>\n<\/div><\/section>[\/vc_column][\/vc_row][vc_row rt_row_background_width=&#8221;fullwidth&#8221; rt_row_content_width=&#8221;default&#8221; rt_row_style=&#8221;default-style&#8221; rt_row_borders=&#8221;top,bottom&#8221; rt_row_paddings=&#8221;true&#8221; rt_bg_effect=&#8221;classic&#8221; rt_bg_image_repeat=&#8221;no-repeat&#8221; rt_bg_size=&#8221;cover&#8221; rt_bg_position=&#8221;right top&#8221; rt_bg_attachment=&#8221;fixed&#8221; rt_bg_video_format=&#8221;self-hosted&#8221; rt_padding_top=&#8221;60&#8243; rt_padding_bottom=&#8221;60&#8243;][vc_column rt_wrp_col_paddings=&#8221;false&#8221; rt_border_top=&#8221;&#8221; rt_border_bottom=&#8221;&#8221; rt_border_left=&#8221;&#8221; rt_border_right=&#8221;&#8221; rt_border_top_mobile=&#8221;&#8221; rt_border_bottom_mobile=&#8221;&#8221; rt_border_left_mobile=&#8221;&#8221; rt_border_right_mobile=&#8221;&#8221; rt_bg_image_repeat=&#8221;repeat&#8221; rt_bg_size=&#8221;auto auto&#8221; rt_bg_position=&#8221;right top&#8221; rt_bg_attachment=&#8221;scroll&#8221;]<div class=\"rt_heading_wrapper style-4\">\n\t\t\t\t\t\t<span class=\"punchline\">Milestones<\/span><h4 class=\"rt_heading  with_punchline style-4\" >Stru\u010dn\u00e1 historie na\u0161\u00ed spole\u010dnosti<\/h4>\n\t\t\t\t\t<\/div>\t \n\t\t<section  class=\"timeline  \">\n\t\t\t \n\t\t<div  >\n\t\t\t \n\t\t<span class=\"event-date\">\n\t\t\t<span class=\"day\"><\/span>\n\t\t\t<span class=\"month\"><\/span>\n\t\t\t<span class=\"year\">1968<\/span>\n\t\t<\/span>\n\t<div class=\"event-details\"><h4 class=\"event-title\">VS\u017d Ko\u0161ice<\/h4><p><span class=\"VIiyi\" lang=\"cs\"><span class=\"JLqJ4b ChMk0b\" data-language-for-alternatives=\"cs\" data-language-to-translate-into=\"sk\" data-phrase-index=\"0\" data-number-of-phrases=\"2\">Po\u010d\u00e1tky v\u00fdroby deskov\u00fdch otopn\u00fdch t\u011bles sahaj\u00ed do roku 1968. Prvn\u00ed sva\u0159ovac\u00ed linky byly dod\u00e1ny ZEZ Ho\u0159ice (\u010cR) a skl\u00e1daly se ze s\u00f3lo stroj\u016f propojen\u00fdch dopravn\u00edky.<\/span> <span class=\"JLqJ4b ChMk0b\" data-language-for-alternatives=\"cs\" data-language-to-translate-into=\"sk\" data-phrase-index=\"1\" data-number-of-phrases=\"2\">V\u00fdroba otopn\u00fdch t\u011bles v tehdej\u0161\u00edm VS\u017d Ko\u0161ice za\u010dala typem PJ2 a pokra\u010dovala typy PJ3, P4 a P40.<\/span><\/span><\/p>\n<\/div>\n\t\t<\/div>\n\t\t \n\t\t<div  >\n\t\t\t \n\t\t<span class=\"event-date\">\n\t\t\t<span class=\"day\"><\/span>\n\t\t\t<span class=\"month\"><\/span>\n\t\t\t<span class=\"year\">1976<\/span>\n\t\t<\/span>\n\t<div class=\"event-details\"><h4 class=\"event-title\">VS\u017d Ko\u0161ice<\/h4><p>Prvn\u00ed v\u00fdkonn\u011bj\u0161\u00ed automatick\u00e1 sva\u0159ovac\u00ed linka byla postavena v roce 1976 a dodavatelem byla firma SCHLATTER ze \u0160v\u00fdcarska, kter\u00e1 je v tomto oboru na \u0161pi\u010dce v Evrop\u011b.<\/p>\n<\/div>\n\t\t<\/div>\n\t\t \n\t\t<div  >\n\t\t\t \n\t\t<span class=\"event-date\">\n\t\t\t<span class=\"day\"><\/span>\n\t\t\t<span class=\"month\"><\/span>\n\t\t\t<span class=\"year\">1990<\/span>\n\t\t<\/span>\n\t<div class=\"event-details\"><h4 class=\"event-title\">KORAD<\/h4><p><span class=\"VIiyi\" lang=\"cs\"><span class=\"JLqJ4b ChMk0b\" data-language-for-alternatives=\"cs\" data-language-to-translate-into=\"sk\" data-phrase-index=\"0\" data-number-of-phrases=\"2\">Od roku 1990 jsou deskov\u00e1 otopn\u00e1 t\u011blesa vyr\u00e1b\u011bny pod obchodn\u00ed zna\u010dkou KORAD (KO\u0161ick\u00fd RADi\u00e1tor).<\/span> <span class=\"JLqJ4b ChMk0b\" data-language-for-alternatives=\"cs\" data-language-to-translate-into=\"sk\" data-phrase-index=\"1\" data-number-of-phrases=\"2\">V roce 1990 byla zprovozn\u011bna dal\u0161\u00ed, nov\u00e1 plnoautomatick\u00e1 linka od t\u00e9ho\u017e dodavatele.<\/span><\/span><\/p>\n<\/div>\n\t\t<\/div>\n\t\t \n\t\t<div  >\n\t\t\t \n\t\t<span class=\"event-date\">\n\t\t\t<span class=\"day\"><\/span>\n\t\t\t<span class=\"month\"><\/span>\n\t\t\t<span class=\"year\">2000<\/span>\n\t\t<\/span>\n\t<div class=\"event-details\"><h4 class=\"event-title\">U. S. Steel Ko\u0161ice<\/h4><p><span class=\"VIiyi\" lang=\"cs\"><span class=\"JLqJ4b ChMk0b\" data-language-for-alternatives=\"cs\" data-language-to-translate-into=\"sk\" data-phrase-index=\"0\" data-number-of-phrases=\"1\">Od roku 2000 byla divize v\u00fdroby otopn\u00fdch t\u011bles ve vlastnictv\u00ed U. S. Steel Ko\u0161ice.<\/span><\/span><\/p>\n<\/div>\n\t\t<\/div>\n\t\t \n\t\t<div  >\n\t\t\t \n\t\t<span class=\"event-date\">\n\t\t\t<span class=\"day\"><\/span>\n\t\t\t<span class=\"month\"><\/span>\n\t\t\t<span class=\"year\">2002<\/span>\n\t\t<\/span>\n\t<div class=\"event-details\"><h4 class=\"event-title\">U. S. Steel Ko\u0161ice - modernizace barv\u00edc\u00ed linky<\/h4><p><span class=\"VIiyi\" lang=\"cs\"><span class=\"JLqJ4b ChMk0b\" data-language-for-alternatives=\"cs\" data-language-to-translate-into=\"sk\" data-phrase-index=\"0\" data-number-of-phrases=\"1\">Dvouvrstv\u00e9 anoforetick\u00e9 barven\u00ed deskov\u00fdch otopn\u00fdch t\u011bles bylo zavedeno v roce 1990 zakoupen\u00edm automatick\u00e9 barv\u00edc\u00ed linky EISENMANN, kter\u00e1 byla v roce 2002 modernizov\u00e1na na kataforetick\u00fd syst\u00e9m nan\u00e1\u0161en\u00ed z\u00e1kladn\u00ed barvy.<\/span><\/span><\/p>\n<\/div>\n\t\t<\/div>\n\t\t \n\t\t<div  >\n\t\t\t \n\t\t<span class=\"event-date\">\n\t\t\t<span class=\"day\"><\/span>\n\t\t\t<span class=\"month\"><\/span>\n\t\t\t<span class=\"year\">2019<\/span>\n\t\t<\/span>\n\t<div class=\"event-details\"><h4 class=\"event-title\">KORAD Radiators s.r.o.<\/h4><p><span class=\"VIiyi\" lang=\"cs\"><span class=\"JLqJ4b ChMk0b\" data-language-for-alternatives=\"cs\" data-language-to-translate-into=\"sk\" data-phrase-index=\"0\" data-number-of-phrases=\"1\">V roce 2019 se nov\u00fdm vlastn\u00edkem v\u00fdrobn\u00edho z\u00e1vodu stala spole\u010dnost KORAD Radiators s.r.o..<\/span><\/span><\/p>\n<\/div>\n\t\t<\/div>\n\t\n\t\t<\/section>\n\t[\/vc_column][\/vc_row][vc_row rt_row_background_width=&#8221;fullwidth&#8221; rt_row_content_width=&#8221;default&#8221; rt_row_style=&#8221;light-style&#8221; rt_row_borders=&#8221;&#8221; rt_grid=&#8221;true&#8221; rt_row_paddings=&#8221;true&#8221; rt_bg_image=&#8221;2368&#8243; rt_bg_effect=&#8221;parallax&#8221; rt_bg_parallax_effect=&#8221;3&#8243; rt_bg_image_repeat=&#8221;no-repeat&#8221; rt_bg_size=&#8221;cover&#8221; rt_bg_position=&#8221;right top&#8221; rt_bg_video_format=&#8221;self-hosted&#8221; rt_padding_top=&#8221;100&#8243; rt_padding_bottom=&#8221;140&#8243;][vc_column width=&#8221;1\/3&#8243; rt_wrp_col_paddings=&#8221;false&#8221; rt_border_top=&#8221;&#8221; rt_border_bottom=&#8221;&#8221; rt_border_left=&#8221;&#8221; rt_border_right=&#8221;&#8221; rt_border_top_mobile=&#8221;&#8221; rt_border_bottom_mobile=&#8221;&#8221; rt_border_left_mobile=&#8221;&#8221; rt_border_right_mobile=&#8221;&#8221; rt_bg_image_repeat=&#8221;repeat&#8221; rt_bg_size=&#8221;auto auto&#8221; rt_bg_position=&#8221;right top&#8221; rt_bg_attachment=&#8221;scroll&#8221;]<div  class=\"rt_counter\"><span class=\"number\">10<\/span>let z\u00e1ruka<\/div>[\/vc_column][vc_column width=&#8221;1\/3&#8243; rt_wrp_col_paddings=&#8221;false&#8221; rt_border_top=&#8221;&#8221; rt_border_bottom=&#8221;&#8221; rt_border_left=&#8221;&#8221; rt_border_right=&#8221;&#8221; rt_border_top_mobile=&#8221;&#8221; rt_border_bottom_mobile=&#8221;&#8221; rt_border_left_mobile=&#8221;&#8221; rt_border_right_mobile=&#8221;&#8221; rt_bg_image_repeat=&#8221;repeat&#8221; rt_bg_size=&#8221;auto auto&#8221; rt_bg_position=&#8221;right top&#8221; rt_bg_attachment=&#8221;scroll&#8221;]<div  class=\"rt_counter\"><span class=\"number\">1500<\/span>model\u016f deskov\u00fdch otopn\u00fdch t\u011bles<\/div>[\/vc_column][vc_column width=&#8221;1\/3&#8243; rt_wrp_col_paddings=&#8221;false&#8221; rt_border_top=&#8221;&#8221; rt_border_bottom=&#8221;&#8221; rt_border_left=&#8221;&#8221; rt_border_right=&#8221;&#8221; rt_border_top_mobile=&#8221;&#8221; rt_border_bottom_mobile=&#8221;&#8221; rt_border_left_mobile=&#8221;&#8221; rt_border_right_mobile=&#8221;&#8221; rt_bg_image_repeat=&#8221;repeat&#8221; rt_bg_size=&#8221;auto auto&#8221; rt_bg_position=&#8221;right top&#8221; rt_bg_attachment=&#8221;scroll&#8221;]<div  class=\"rt_counter\"><span class=\"number\">67<\/span>barevn\u00fdch proveden\u00ed <\/div>[\/vc_column][\/vc_row]<\/p>\n","protected":false},"excerpt":{"rendered":"<p>[vc_row rt_row_background_width=&#8221;fullwidth&#8221; rt_row_content_width=&#8221;default&#8221; rt_row_style=&#8221;default-style&#8221; rt_row_borders=&#8221;&#8221; rt_row_paddings=&#8221;true&#8221; rt_bg_image=&#8221;2369&#8243; rt_bg_effect=&#8221;parallax&#8221; rt_bg_parallax_effect=&#8221;3&#8243; rt_bg_image_repeat=&#8221;repeat&#8221; rt_bg_size=&#8221;cover&#8221; rt_bg_position=&#8221;right top&#8221; rt_bg_video_format=&#8221;self-hosted&#8221; rt_padding_top=&#8221;100&#8243; rt_padding_bottom=&#8221;140&#8243;][vc_column rt_wrp_col_paddings=&#8221;false&#8221; rt_border_top=&#8221;&#8221; rt_border_bottom=&#8221;&#8221; rt_border_left=&#8221;&#8221; rt_border_right=&#8221;&#8221; rt_border_top_mobile=&#8221;&#8221; rt_border_bottom_mobile=&#8221;&#8221; rt_border_left_mobile=&#8221;&#8221; rt_border_right_mobile=&#8221;&#8221; rt_bg_image_repeat=&#8221;repeat&#8221; rt_bg_size=&#8221;auto auto&#8221; rt_bg_position=&#8221;right top&#8221; rt_bg_attachment=&#8221;scroll&#8221;][\/vc_column][\/vc_row][vc_row rt_row_background_width=&#8221;fullwidth&#8221; rt_row_content_width=&#8221;default&#8221; rt_row_style=&#8221;default-style&#8221; rt_row_borders=&#8221;bottom&#8221; rt_row_paddings=&#8221;true&#8221; rt_bg_effect=&#8221;classic&#8221; rt_bg_image_repeat=&#8221;repeat&#8221; rt_bg_size=&#8221;cover&#8221; rt_bg_position=&#8221;right top&#8221; rt_bg_attachment=&#8221;scroll&#8221; rt_bg_video_format=&#8221;self-hosted&#8221;][vc_column rt_wrp_col_paddings=&#8221;false&#8221; rt_border_top=&#8221;&#8221; rt_border_bottom=&#8221;&#8221; rt_border_left=&#8221;&#8221; rt_border_right=&#8221;&#8221; rt_border_top_mobile=&#8221;&#8221; rt_border_bottom_mobile=&#8221;&#8221; rt_border_left_mobile=&#8221;&#8221; rt_border_right_mobile=&#8221;&#8221; rt_bg_image_repeat=&#8221;repeat&#8221; rt_bg_size=&#8221;auto auto&#8221; [&hellip;]<\/p>\n","protected":false},"author":1,"featured_media":0,"parent":0,"menu_order":0,"comment_status":"open","ping_status":"open","template":"","meta":{"footnotes":""},"class_list":["post-2776","page","type-page","status-publish","hentry"],"translation":{"provider":"WPGlobus","version":"3.0.2","language":"ru","enabled_languages":["sk","en","ru"],"languages":{"sk":{"title":true,"content":true,"excerpt":false},"en":{"title":false,"content":false,"excerpt":false},"ru":{"title":false,"content":false,"excerpt":false}}},"_links":{"self":[{"href":"https:\/\/wwwcz.korad-radiators.sk\/ru\/wp-json\/wp\/v2\/pages\/2776","targetHints":{"allow":["GET"]}}],"collection":[{"href":"https:\/\/wwwcz.korad-radiators.sk\/ru\/wp-json\/wp\/v2\/pages"}],"about":[{"href":"https:\/\/wwwcz.korad-radiators.sk\/ru\/wp-json\/wp\/v2\/types\/page"}],"author":[{"embeddable":true,"href":"https:\/\/wwwcz.korad-radiators.sk\/ru\/wp-json\/wp\/v2\/users\/1"}],"replies":[{"embeddable":true,"href":"https:\/\/wwwcz.korad-radiators.sk\/ru\/wp-json\/wp\/v2\/comments?post=2776"}],"version-history":[{"count":24,"href":"https:\/\/wwwcz.korad-radiators.sk\/ru\/wp-json\/wp\/v2\/pages\/2776\/revisions"}],"predecessor-version":[{"id":4040,"href":"https:\/\/wwwcz.korad-radiators.sk\/ru\/wp-json\/wp\/v2\/pages\/2776\/revisions\/4040"}],"wp:attachment":[{"href":"https:\/\/wwwcz.korad-radiators.sk\/ru\/wp-json\/wp\/v2\/media?parent=2776"}],"curies":[{"name":"wp","href":"https:\/\/api.w.org\/{rel}","templated":true}]}}