{"id":2774,"date":"2015-02-02T04:30:36","date_gmt":"2015-02-02T04:30:36","guid":{"rendered":"http:\/\/rttheme19-rtthemes-com.rtthemes.com\/?page_id=7"},"modified":"2021-12-16T13:55:44","modified_gmt":"2021-12-16T12:55:44","slug":"produkty","status":"publish","type":"page","link":"https:\/\/wwwcz.korad-radiators.sk\/en\/produkty\/","title":{"rendered":"Na\u0161e produkty &#8211; modelov\u00e9 \u0159ady"},"content":{"rendered":"<p>[vc_row rt_row_background_width=&#8221;default&#8221; rt_row_style=&#8221;default-style&#8221; rt_row_borders=&#8221;&#8221; rt_row_paddings=&#8221;true&#8221; rt_bg_effect=&#8221;classic&#8221; rt_bg_image_repeat=&#8221;repeat&#8221; rt_bg_size=&#8221;cover&#8221; rt_bg_position=&#8221;right top&#8221; rt_bg_attachment=&#8221;scroll&#8221; rt_bg_video_format=&#8221;self-hosted&#8221;][vc_column rt_wrp_col_paddings=&#8221;false&#8221; rt_border_top=&#8221;&#8221; rt_border_bottom=&#8221;&#8221; rt_border_left=&#8221;&#8221; rt_border_right=&#8221;&#8221; rt_border_top_mobile=&#8221;&#8221; rt_border_bottom_mobile=&#8221;&#8221; rt_border_left_mobile=&#8221;&#8221; rt_border_right_mobile=&#8221;&#8221; rt_bg_image_repeat=&#8221;repeat&#8221; rt_bg_size=&#8221;auto auto&#8221; rt_bg_position=&#8221;right top&#8221; rt_bg_attachment=&#8221;scroll&#8221;]\n<div  class=\"product_holder product-showcase product-showcase-categories clearfix border_grid fixed_heights\" data-column-width=\"4\" >\n<div class=\"row clearfix\">\n<div class=\"col product_item_holder col-sm-3\">\n\n<div class=\"product_item_holder product-showcase-category\">\n\n\t\t\t<!-- product image -->\n\t\t<div class=\"featured_image\"> \n\t\t\t\t<a href=\"https:\/\/wwwcz.korad-radiators.sk\/en\/produkty\/1klasik\/\" title=\"Klasik\" rel=\"bookmark\"><img decoding=\"async\" src=\"https:\/\/wwwcz.korad-radiators.sk\/wp-content\/uploads\/2020\/08\/Klasik.jpg\" alt=\"\" class=\"\" \/>\t\t\t\t\t\t<\/div> \n\t\n\t\t<div class=\"product_info\">\n\n\t\t\t\t<!-- title-->\n\t\t<h5 class=\"clean_heading\"><a href=\"https:\/\/wwwcz.korad-radiators.sk\/en\/produkty\/1klasik\/\" title=\"Klasik\" rel=\"bookmark\">Klasik<span>3<\/span><\/a><\/h5>\n\t\t\n\t\t<!-- text-->\n\t\t<p>Deskov\u00e1 otopn\u00e1 t\u011blesa pro obecn\u00e9 pou\u017eit\u00ed<\/p>\n\t<\/div>\n\t\n<\/div><\/div>\n<div class=\"col product_item_holder col-sm-3\">\n\n<div class=\"product_item_holder product-showcase-category\">\n\n\t\t\t<!-- product image -->\n\t\t<div class=\"featured_image\"> \n\t\t\t\t<a href=\"https:\/\/wwwcz.korad-radiators.sk\/en\/produkty\/2plan\/\" title=\"Plan\" rel=\"bookmark\"><img decoding=\"async\" src=\"https:\/\/wwwcz.korad-radiators.sk\/wp-content\/uploads\/2020\/09\/KORAD_PLAN_3-scaled-e1603719734368-640x566.jpg\" alt=\"\" class=\"\" \/>\t\t\t\t\t\t<\/div> \n\t\n\t\t<div class=\"product_info\">\n\n\t\t\t\t<!-- title-->\n\t\t<h5 class=\"clean_heading\"><a href=\"https:\/\/wwwcz.korad-radiators.sk\/en\/produkty\/2plan\/\" title=\"Plan\" rel=\"bookmark\">Plan<span>3<\/span><\/a><\/h5>\n\t\t\n\t\t<!-- text-->\n\t\t<p>Modely s hladkou \u010deln\u00ed plochou - stylov\u00e1 a n\u00e1padit\u00e1 \u0159e\u0161en\u00ed<\/p>\n\t<\/div>\n\t\n<\/div><\/div>\n<div class=\"col product_item_holder col-sm-3\">\n\n<div class=\"product_item_holder product-showcase-category\">\n\n\t\t\t<!-- product image -->\n\t\t<div class=\"featured_image\"> \n\t\t\t\t<a href=\"https:\/\/wwwcz.korad-radiators.sk\/en\/produkty\/3hygiene\/\" title=\"Hygiene\" rel=\"bookmark\"><img decoding=\"async\" src=\"https:\/\/wwwcz.korad-radiators.sk\/wp-content\/uploads\/2020\/05\/Typ-22-640x503.png\" alt=\"\" class=\"\" \/>\t\t\t\t\t\t<\/div> \n\t\n\t\t<div class=\"product_info\">\n\n\t\t\t\t<!-- title-->\n\t\t<h5 class=\"clean_heading\"><a href=\"https:\/\/wwwcz.korad-radiators.sk\/en\/produkty\/3hygiene\/\" title=\"Hygiene\" rel=\"bookmark\">Hygiene<span>3<\/span><\/a><\/h5>\n\t\t\n\t\t<!-- text-->\n\t\t<p>Hygienick\u00e1 otopn\u00e1 t\u011blesa <\/p>\n\t<\/div>\n\t\n<\/div><\/div>\n<div class=\"col product_item_holder col-sm-3\">\n\n<div class=\"product_item_holder product-showcase-category\">\n\n\t\t\t<!-- product image -->\n\t\t<div class=\"featured_image\"> \n\t\t\t\t<a href=\"https:\/\/wwwcz.korad-radiators.sk\/en\/produkty\/4pozink\/\" title=\"Pozinkovan\u00e1 otopn\u00e1 t\u011blesa\" rel=\"bookmark\"><img decoding=\"async\" src=\"https:\/\/wwwcz.korad-radiators.sk\/wp-content\/uploads\/2020\/09\/obr_Z_1-pozink.jpg\" alt=\"\" class=\"\" \/>\t\t\t\t\t\t<\/div> \n\t\n\t\t<div class=\"product_info\">\n\n\t\t\t\t<!-- title-->\n\t\t<h5 class=\"clean_heading\"><a href=\"https:\/\/wwwcz.korad-radiators.sk\/en\/produkty\/4pozink\/\" title=\"Pozinkovan\u00e1 otopn\u00e1 t\u011blesa\" rel=\"bookmark\">Pozinkovan\u00e1 otopn\u00e1 t\u011blesa<span>3<\/span><\/a><\/h5>\n\t\t\n\t\t<!-- text-->\n\t\t<p>Otopn\u00e1 t\u011blesa do prostor se zv\u00fd\u0161enou vlhkost\u00ed <\/p>\n\t<\/div>\n\t\n<\/div><\/div>\n<\/div>\n<div class=\"row clearfix\">\n<div class=\"col product_item_holder col-sm-3\">\n\n<div class=\"product_item_holder product-showcase-category\">\n\n\t\t\t<!-- product image -->\n\t\t<div class=\"featured_image\"> \n\t\t\t\t<a href=\"https:\/\/wwwcz.korad-radiators.sk\/en\/produkty\/5farebne-odtiene\/\" title=\"Barevn\u00e1 otopn\u00e1 t\u011blesa\" rel=\"bookmark\"><img decoding=\"async\" src=\"https:\/\/wwwcz.korad-radiators.sk\/wp-content\/uploads\/2020\/11\/Farebn\u00fd-rad-640x532.png\" alt=\"\" class=\"\" \/>\t\t\t\t\t\t<\/div> \n\t\n\t\t<div class=\"product_info\">\n\n\t\t\t\t<!-- title-->\n\t\t<h5 class=\"clean_heading\"><a href=\"https:\/\/wwwcz.korad-radiators.sk\/en\/produkty\/5farebne-odtiene\/\" title=\"Barevn\u00e1 otopn\u00e1 t\u011blesa\" rel=\"bookmark\">Barevn\u00e1 otopn\u00e1 t\u011blesa<span>1<\/span><\/a><\/h5>\n\t\t\n\t\t<!-- text-->\n\t\t<p>67 r\u016fzn\u00fdch barevn\u00fdch odst\u00edn\u016f <\/p>\n\t<\/div>\n\t\n<\/div><\/div>\n<div class=\"col product_item_holder col-sm-3\">\n\n<div class=\"product_item_holder product-showcase-category\">\n\n\t\t\t<!-- product image -->\n\t\t<div class=\"featured_image\"> \n\t\t\t\t<a href=\"https:\/\/wwwcz.korad-radiators.sk\/en\/produkty\/6accessories\/\" title=\"P\u0159\u00edslu\u0161enstv\u00ed \" rel=\"bookmark\"><img decoding=\"async\" src=\"https:\/\/wwwcz.korad-radiators.sk\/wp-content\/uploads\/2020\/10\/Prvky-pre-uchytenie-radi\u00e1torov-e1603874088168-640x299.png\" alt=\"\" class=\"\" \/>\t\t\t\t\t\t<\/div> \n\t\n\t\t<div class=\"product_info\">\n\n\t\t\t\t<!-- title-->\n\t\t<h5 class=\"clean_heading\"><a href=\"https:\/\/wwwcz.korad-radiators.sk\/en\/produkty\/6accessories\/\" title=\"P\u0159\u00edslu\u0161enstv\u00ed \" rel=\"bookmark\">P\u0159\u00edslu\u0161enstv\u00ed <span>3<\/span><\/a><\/h5>\n\t\t\n\t\t<!-- text-->\n\t\t<p>Konzoly, odvzdu\u0161\u0148ovac\u00ed z\u00e1tky, n\u00e1hradn\u00ed d\u00edly...<\/p>\n\t<\/div>\n\t\n<\/div><\/div>\n<\/div>\n<\/div>[\/vc_column][\/vc_row]<\/p>\n","protected":false},"excerpt":{"rendered":"<p>[vc_row rt_row_background_width=&#8221;default&#8221; rt_row_style=&#8221;default-style&#8221; rt_row_borders=&#8221;&#8221; rt_row_paddings=&#8221;true&#8221; rt_bg_effect=&#8221;classic&#8221; rt_bg_image_repeat=&#8221;repeat&#8221; rt_bg_size=&#8221;cover&#8221; rt_bg_position=&#8221;right top&#8221; rt_bg_attachment=&#8221;scroll&#8221; rt_bg_video_format=&#8221;self-hosted&#8221;][vc_column rt_wrp_col_paddings=&#8221;false&#8221; rt_border_top=&#8221;&#8221; rt_border_bottom=&#8221;&#8221; rt_border_left=&#8221;&#8221; rt_border_right=&#8221;&#8221; rt_border_top_mobile=&#8221;&#8221; rt_border_bottom_mobile=&#8221;&#8221; rt_border_left_mobile=&#8221;&#8221; rt_border_right_mobile=&#8221;&#8221; rt_bg_image_repeat=&#8221;repeat&#8221; rt_bg_size=&#8221;auto auto&#8221; rt_bg_position=&#8221;right top&#8221; rt_bg_attachment=&#8221;scroll&#8221;][\/vc_column][\/vc_row]<\/p>\n","protected":false},"author":1,"featured_media":0,"parent":0,"menu_order":0,"comment_status":"open","ping_status":"open","template":"","meta":{"footnotes":""},"class_list":["post-2774","page","type-page","status-publish","hentry"],"translation":{"provider":"WPGlobus","version":"3.0.2","language":"en","enabled_languages":["sk","en","ru"],"languages":{"sk":{"title":true,"content":true,"excerpt":false},"en":{"title":false,"content":false,"excerpt":false},"ru":{"title":false,"content":false,"excerpt":false}}},"_links":{"self":[{"href":"https:\/\/wwwcz.korad-radiators.sk\/en\/wp-json\/wp\/v2\/pages\/2774","targetHints":{"allow":["GET"]}}],"collection":[{"href":"https:\/\/wwwcz.korad-radiators.sk\/en\/wp-json\/wp\/v2\/pages"}],"about":[{"href":"https:\/\/wwwcz.korad-radiators.sk\/en\/wp-json\/wp\/v2\/types\/page"}],"author":[{"embeddable":true,"href":"https:\/\/wwwcz.korad-radiators.sk\/en\/wp-json\/wp\/v2\/users\/1"}],"replies":[{"embeddable":true,"href":"https:\/\/wwwcz.korad-radiators.sk\/en\/wp-json\/wp\/v2\/comments?post=2774"}],"version-history":[{"count":20,"href":"https:\/\/wwwcz.korad-radiators.sk\/en\/wp-json\/wp\/v2\/pages\/2774\/revisions"}],"predecessor-version":[{"id":3882,"href":"https:\/\/wwwcz.korad-radiators.sk\/en\/wp-json\/wp\/v2\/pages\/2774\/revisions\/3882"}],"wp:attachment":[{"href":"https:\/\/wwwcz.korad-radiators.sk\/en\/wp-json\/wp\/v2\/media?parent=2774"}],"curies":[{"name":"wp","href":"https:\/\/api.w.org\/{rel}","templated":true}]}}